{"id":4317,"date":"2024-07-05T20:28:45","date_gmt":"2024-07-05T20:28:45","guid":{"rendered":"https:\/\/www.tangierlatinfestival.com\/shows-du-samedi\/"},"modified":"2025-07-21T20:20:07","modified_gmt":"2025-07-21T20:20:07","slug":"shows-du-samedi","status":"publish","type":"page","link":"https:\/\/www.tangierlatinfestival.com\/es\/shows-du-samedi\/","title":{"rendered":"SHOWS DU SAMEDI"},"content":{"rendered":"\t\t<div data-elementor-type=\"wp-page\" data-elementor-id=\"4317\" class=\"elementor elementor-4317 elementor-2520\" data-elementor-post-type=\"page\">\r\n\t\t\t\t\t\t<section class=\"elementor-section elementor-top-section elementor-element elementor-element-5f1647dc elementor-section-boxed elementor-section-height-default elementor-section-height-default\" data-id=\"5f1647dc\" data-element_type=\"section\" data-settings=\"{&quot;background_background&quot;:&quot;classic&quot;}\">\r\n\t\t\t\t\t\t\t<div class=\"elementor-background-overlay\"><\/div>\r\n\t\t\t\t\t\t\t<div class=\"elementor-container elementor-column-gap-default\">\r\n\t\t\t\t\t<div class=\"elementor-column elementor-col-100 elementor-top-column elementor-element elementor-element-5c0993ca\" data-id=\"5c0993ca\" data-element_type=\"column\">\r\n\t\t\t<div class=\"elementor-widget-wrap elementor-element-populated\">\r\n\t\t\t\t\t\t<div class=\"elementor-element elementor-element-1fcc2771 elementor-widget elementor-widget-heading\" data-id=\"1fcc2771\" data-element_type=\"widget\" data-widget_type=\"heading.default\">\r\n\t\t\t\t<div class=\"elementor-widget-container\">\r\n\t\t\t\t\t<h3 class=\"elementor-heading-title elementor-size-default\">ESPECT\u00c1CULOS DEL S\u00c1BADO<\/h3>\t\t\t\t<\/div>\r\n\t\t\t\t<\/div>\r\n\t\t\t\t\t<\/div>\r\n\t\t<\/div>\r\n\t\t\t\t\t<\/div>\r\n\t\t<\/section>\r\n\t\t\t\t<section class=\"elementor-section elementor-top-section elementor-element elementor-element-1ea2c2bd elementor-section-boxed elementor-section-height-default elementor-section-height-default\" data-id=\"1ea2c2bd\" data-element_type=\"section\" data-settings=\"{&quot;background_background&quot;:&quot;classic&quot;}\">\r\n\t\t\t\t\t\t\t<div class=\"elementor-background-overlay\"><\/div>\r\n\t\t\t\t\t\t\t<div class=\"elementor-container elementor-column-gap-no\">\r\n\t\t\t\t\t<div class=\"elementor-column elementor-col-100 elementor-top-column elementor-element elementor-element-e1c729e\" data-id=\"e1c729e\" data-element_type=\"column\">\r\n\t\t\t<div class=\"elementor-widget-wrap\">\r\n\t\t\t\t\t\t\t<\/div>\r\n\t\t<\/div>\r\n\t\t\t\t\t<\/div>\r\n\t\t<\/section>\r\n\t\t<div class=\"elementor-element elementor-element-d07ddfe e-flex e-con-boxed e-con e-parent\" data-id=\"d07ddfe\" data-element_type=\"container\">\r\n\t\t\t\t\t<div class=\"e-con-inner\">\r\n\t\t<div class=\"elementor-element elementor-element-3a6734e e-con-full e-flex e-con e-child\" data-id=\"3a6734e\" data-element_type=\"container\">\r\n\t\t\t\t<div class=\"elementor-element elementor-element-40a24a5 elementor-widget elementor-widget-gallery\" data-id=\"40a24a5\" data-element_type=\"widget\" data-settings=\"{&quot;gallery_layout&quot;:&quot;justified&quot;,&quot;ideal_row_height&quot;:{&quot;unit&quot;:&quot;px&quot;,&quot;size&quot;:280,&quot;sizes&quot;:[]},&quot;ideal_row_height_tablet&quot;:{&quot;unit&quot;:&quot;px&quot;,&quot;size&quot;:300,&quot;sizes&quot;:[]},&quot;ideal_row_height_mobile&quot;:{&quot;unit&quot;:&quot;px&quot;,&quot;size&quot;:300,&quot;sizes&quot;:[]},&quot;gap&quot;:{&quot;unit&quot;:&quot;px&quot;,&quot;size&quot;:10,&quot;sizes&quot;:[]},&quot;gap_tablet&quot;:{&quot;unit&quot;:&quot;px&quot;,&quot;size&quot;:10,&quot;sizes&quot;:[]},&quot;gap_mobile&quot;:{&quot;unit&quot;:&quot;px&quot;,&quot;size&quot;:10,&quot;sizes&quot;:[]},&quot;link_to&quot;:&quot;file&quot;,&quot;overlay_background&quot;:&quot;yes&quot;,&quot;content_hover_animation&quot;:&quot;fade-in&quot;}\" data-widget_type=\"gallery.default\">\r\n\t\t\t\t<div class=\"elementor-widget-container\">\r\n\t\t\t\t\t\t\t<div class=\"elementor-gallery__container\">\r\n\t\t\t\t\t\t\t<a class=\"e-gallery-item elementor-gallery-item elementor-animated-content\" href=\"https:\/\/www.tangierlatinfestival.com\/wp-content\/uploads\/2024\/07\/WhatsApp-Image-2024-06-25-at-23.35.24-1.jpeg\" data-elementor-open-lightbox=\"yes\" data-elementor-lightbox-slideshow=\"40a24a5\" data-elementor-lightbox-title=\"WhatsApp Image 2024-06-25 at 23.35.24 (1)\" data-e-action-hash=\"#elementor-action%3Aaction%3Dlightbox%26settings%3DeyJpZCI6MjUyOSwidXJsIjoiaHR0cHM6XC9cL3d3dy50YW5naWVybGF0aW5mZXN0aXZhbC5jb21cL3dwLWNvbnRlbnRcL3VwbG9hZHNcLzIwMjRcLzA3XC9XaGF0c0FwcC1JbWFnZS0yMDI0LTA2LTI1LWF0LTIzLjM1LjI0LTEuanBlZyIsInNsaWRlc2hvdyI6IjQwYTI0YTUifQ%3D%3D\">\r\n\t\t\t\t\t<div class=\"e-gallery-image elementor-gallery-item__image\" data-thumbnail=\"https:\/\/www.tangierlatinfestival.com\/wp-content\/uploads\/2024\/07\/WhatsApp-Image-2024-06-25-at-23.35.24-1.jpeg\" data-width=\"1600\" data-height=\"1280\" aria-label=\"\" role=\"img\" ><\/div>\r\n\t\t\t\t\t\t\t\t\t\t\t<div class=\"elementor-gallery-item__overlay\"><\/div>\r\n\t\t\t\t\t\t\t\t\t\t\t\t\t\t<\/a>\r\n\t\t\t\t\t\t\t<a class=\"e-gallery-item elementor-gallery-item elementor-animated-content\" href=\"https:\/\/www.tangierlatinfestival.com\/wp-content\/uploads\/2024\/07\/WhatsApp-Image-2024-06-25-at-23.35.25-1.jpeg\" data-elementor-open-lightbox=\"yes\" data-elementor-lightbox-slideshow=\"40a24a5\" data-elementor-lightbox-title=\"WhatsApp Image 2024-06-25 at 23.35.25 (1)\" data-e-action-hash=\"#elementor-action%3Aaction%3Dlightbox%26settings%3DeyJpZCI6MjUzNSwidXJsIjoiaHR0cHM6XC9cL3d3dy50YW5naWVybGF0aW5mZXN0aXZhbC5jb21cL3dwLWNvbnRlbnRcL3VwbG9hZHNcLzIwMjRcLzA3XC9XaGF0c0FwcC1JbWFnZS0yMDI0LTA2LTI1LWF0LTIzLjM1LjI1LTEuanBlZyIsInNsaWRlc2hvdyI6IjQwYTI0YTUifQ%3D%3D\">\r\n\t\t\t\t\t<div class=\"e-gallery-image elementor-gallery-item__image\" data-thumbnail=\"https:\/\/www.tangierlatinfestival.com\/wp-content\/uploads\/2024\/07\/WhatsApp-Image-2024-06-25-at-23.35.25-1.jpeg\" data-width=\"1600\" data-height=\"1066\" aria-label=\"\" role=\"img\" ><\/div>\r\n\t\t\t\t\t\t\t\t\t\t\t<div class=\"elementor-gallery-item__overlay\"><\/div>\r\n\t\t\t\t\t\t\t\t\t\t\t\t\t\t<\/a>\r\n\t\t\t\t\t\t\t<a class=\"e-gallery-item elementor-gallery-item elementor-animated-content\" href=\"https:\/\/www.tangierlatinfestival.com\/wp-content\/uploads\/2024\/07\/WhatsApp-Image-2024-06-25-at-23.35.25.jpeg\" data-elementor-open-lightbox=\"yes\" data-elementor-lightbox-slideshow=\"40a24a5\" data-elementor-lightbox-title=\"WhatsApp Image 2024-06-25 at 23.35.25\" data-e-action-hash=\"#elementor-action%3Aaction%3Dlightbox%26settings%3DeyJpZCI6MjUzOCwidXJsIjoiaHR0cHM6XC9cL3d3dy50YW5naWVybGF0aW5mZXN0aXZhbC5jb21cL3dwLWNvbnRlbnRcL3VwbG9hZHNcLzIwMjRcLzA3XC9XaGF0c0FwcC1JbWFnZS0yMDI0LTA2LTI1LWF0LTIzLjM1LjI1LmpwZWciLCJzbGlkZXNob3ciOiI0MGEyNGE1In0%3D\">\r\n\t\t\t\t\t<div class=\"e-gallery-image elementor-gallery-item__image\" data-thumbnail=\"https:\/\/www.tangierlatinfestival.com\/wp-content\/uploads\/2024\/07\/WhatsApp-Image-2024-06-25-at-23.35.25.jpeg\" data-width=\"1600\" data-height=\"1066\" aria-label=\"\" role=\"img\" ><\/div>\r\n\t\t\t\t\t\t\t\t\t\t\t<div class=\"elementor-gallery-item__overlay\"><\/div>\r\n\t\t\t\t\t\t\t\t\t\t\t\t\t\t<\/a>\r\n\t\t\t\t\t\t\t<a class=\"e-gallery-item elementor-gallery-item elementor-animated-content\" href=\"https:\/\/www.tangierlatinfestival.com\/wp-content\/uploads\/2024\/07\/WhatsApp-Image-2024-06-25-at-23.35.26.jpeg\" data-elementor-open-lightbox=\"yes\" data-elementor-lightbox-slideshow=\"40a24a5\" data-elementor-lightbox-title=\"WhatsApp Image 2024-06-25 at 23.35.26\" data-e-action-hash=\"#elementor-action%3Aaction%3Dlightbox%26settings%3DeyJpZCI6MjU0NCwidXJsIjoiaHR0cHM6XC9cL3d3dy50YW5naWVybGF0aW5mZXN0aXZhbC5jb21cL3dwLWNvbnRlbnRcL3VwbG9hZHNcLzIwMjRcLzA3XC9XaGF0c0FwcC1JbWFnZS0yMDI0LTA2LTI1LWF0LTIzLjM1LjI2LmpwZWciLCJzbGlkZXNob3ciOiI0MGEyNGE1In0%3D\">\r\n\t\t\t\t\t<div class=\"e-gallery-image elementor-gallery-item__image\" data-thumbnail=\"https:\/\/www.tangierlatinfestival.com\/wp-content\/uploads\/2024\/07\/WhatsApp-Image-2024-06-25-at-23.35.26.jpeg\" data-width=\"1600\" data-height=\"1066\" aria-label=\"\" role=\"img\" ><\/div>\r\n\t\t\t\t\t\t\t\t\t\t\t<div class=\"elementor-gallery-item__overlay\"><\/div>\r\n\t\t\t\t\t\t\t\t\t\t\t\t\t\t<\/a>\r\n\t\t\t\t\t\t\t<a class=\"e-gallery-item elementor-gallery-item elementor-animated-content\" href=\"https:\/\/www.tangierlatinfestival.com\/wp-content\/uploads\/2024\/07\/WhatsApp-Image-2024-06-25-at-23.35.27-1.jpeg\" data-elementor-open-lightbox=\"yes\" data-elementor-lightbox-slideshow=\"40a24a5\" data-elementor-lightbox-title=\"WhatsApp Image 2024-06-25 at 23.35.27 (1)\" data-e-action-hash=\"#elementor-action%3Aaction%3Dlightbox%26settings%3DeyJpZCI6MjU0NywidXJsIjoiaHR0cHM6XC9cL3d3dy50YW5naWVybGF0aW5mZXN0aXZhbC5jb21cL3dwLWNvbnRlbnRcL3VwbG9hZHNcLzIwMjRcLzA3XC9XaGF0c0FwcC1JbWFnZS0yMDI0LTA2LTI1LWF0LTIzLjM1LjI3LTEuanBlZyIsInNsaWRlc2hvdyI6IjQwYTI0YTUifQ%3D%3D\">\r\n\t\t\t\t\t<div class=\"e-gallery-image elementor-gallery-item__image\" data-thumbnail=\"https:\/\/www.tangierlatinfestival.com\/wp-content\/uploads\/2024\/07\/WhatsApp-Image-2024-06-25-at-23.35.27-1.jpeg\" data-width=\"1600\" data-height=\"1066\" aria-label=\"\" role=\"img\" ><\/div>\r\n\t\t\t\t\t\t\t\t\t\t\t<div class=\"elementor-gallery-item__overlay\"><\/div>\r\n\t\t\t\t\t\t\t\t\t\t\t\t\t\t<\/a>\r\n\t\t\t\t\t\t\t<a class=\"e-gallery-item elementor-gallery-item elementor-animated-content\" href=\"https:\/\/www.tangierlatinfestival.com\/wp-content\/uploads\/2024\/07\/WhatsApp-Image-2024-06-25-at-23.35.27.jpeg\" data-elementor-open-lightbox=\"yes\" data-elementor-lightbox-slideshow=\"40a24a5\" data-elementor-lightbox-title=\"WhatsApp Image 2024-06-25 at 23.35.27\" data-e-action-hash=\"#elementor-action%3Aaction%3Dlightbox%26settings%3DeyJpZCI6MjU1MCwidXJsIjoiaHR0cHM6XC9cL3d3dy50YW5naWVybGF0aW5mZXN0aXZhbC5jb21cL3dwLWNvbnRlbnRcL3VwbG9hZHNcLzIwMjRcLzA3XC9XaGF0c0FwcC1JbWFnZS0yMDI0LTA2LTI1LWF0LTIzLjM1LjI3LmpwZWciLCJzbGlkZXNob3ciOiI0MGEyNGE1In0%3D\">\r\n\t\t\t\t\t<div class=\"e-gallery-image elementor-gallery-item__image\" data-thumbnail=\"https:\/\/www.tangierlatinfestival.com\/wp-content\/uploads\/2024\/07\/WhatsApp-Image-2024-06-25-at-23.35.27.jpeg\" data-width=\"1600\" data-height=\"1280\" aria-label=\"\" role=\"img\" ><\/div>\r\n\t\t\t\t\t\t\t\t\t\t\t<div class=\"elementor-gallery-item__overlay\"><\/div>\r\n\t\t\t\t\t\t\t\t\t\t\t\t\t\t<\/a>\r\n\t\t\t\t\t\t\t<a class=\"e-gallery-item elementor-gallery-item elementor-animated-content\" href=\"https:\/\/www.tangierlatinfestival.com\/wp-content\/uploads\/2025\/07\/S1.jpg\" data-elementor-open-lightbox=\"yes\" data-elementor-lightbox-slideshow=\"40a24a5\" data-elementor-lightbox-title=\"S1\" data-e-action-hash=\"#elementor-action%3Aaction%3Dlightbox%26settings%3DeyJpZCI6NTA1MywidXJsIjoiaHR0cHM6XC9cL3d3dy50YW5naWVybGF0aW5mZXN0aXZhbC5jb21cL3dwLWNvbnRlbnRcL3VwbG9hZHNcLzIwMjVcLzA3XC9TMS5qcGciLCJzbGlkZXNob3ciOiI0MGEyNGE1In0%3D\">\r\n\t\t\t\t\t<div class=\"e-gallery-image elementor-gallery-item__image\" data-thumbnail=\"https:\/\/www.tangierlatinfestival.com\/wp-content\/uploads\/2025\/07\/S1.jpg\" data-width=\"2048\" data-height=\"1365\" aria-label=\"\" role=\"img\" ><\/div>\r\n\t\t\t\t\t\t\t\t\t\t\t<div class=\"elementor-gallery-item__overlay\"><\/div>\r\n\t\t\t\t\t\t\t\t\t\t\t\t\t\t<\/a>\r\n\t\t\t\t\t\t\t<a class=\"e-gallery-item elementor-gallery-item elementor-animated-content\" href=\"https:\/\/www.tangierlatinfestival.com\/wp-content\/uploads\/2024\/07\/WhatsApp-Image-2024-06-25-at-23.35.28-1.jpeg\" data-elementor-open-lightbox=\"yes\" data-elementor-lightbox-slideshow=\"40a24a5\" data-elementor-lightbox-title=\"WhatsApp Image 2024-06-25 at 23.35.28 (1)\" data-e-action-hash=\"#elementor-action%3Aaction%3Dlightbox%26settings%3DeyJpZCI6MjU1MywidXJsIjoiaHR0cHM6XC9cL3d3dy50YW5naWVybGF0aW5mZXN0aXZhbC5jb21cL3dwLWNvbnRlbnRcL3VwbG9hZHNcLzIwMjRcLzA3XC9XaGF0c0FwcC1JbWFnZS0yMDI0LTA2LTI1LWF0LTIzLjM1LjI4LTEuanBlZyIsInNsaWRlc2hvdyI6IjQwYTI0YTUifQ%3D%3D\">\r\n\t\t\t\t\t<div class=\"e-gallery-image elementor-gallery-item__image\" data-thumbnail=\"https:\/\/www.tangierlatinfestival.com\/wp-content\/uploads\/2024\/07\/WhatsApp-Image-2024-06-25-at-23.35.28-1.jpeg\" data-width=\"1600\" data-height=\"808\" aria-label=\"\" role=\"img\" ><\/div>\r\n\t\t\t\t\t\t\t\t\t\t\t<div class=\"elementor-gallery-item__overlay\"><\/div>\r\n\t\t\t\t\t\t\t\t\t\t\t\t\t\t<\/a>\r\n\t\t\t\t\t\t\t<a class=\"e-gallery-item elementor-gallery-item elementor-animated-content\" href=\"https:\/\/www.tangierlatinfestival.com\/wp-content\/uploads\/2024\/07\/WhatsApp-Image-2024-06-25-at-23.35.24.jpeg\" data-elementor-open-lightbox=\"yes\" data-elementor-lightbox-slideshow=\"40a24a5\" data-elementor-lightbox-title=\"WhatsApp Image 2024-06-25 at 23.35.24\" data-e-action-hash=\"#elementor-action%3Aaction%3Dlightbox%26settings%3DeyJpZCI6MjUzMiwidXJsIjoiaHR0cHM6XC9cL3d3dy50YW5naWVybGF0aW5mZXN0aXZhbC5jb21cL3dwLWNvbnRlbnRcL3VwbG9hZHNcLzIwMjRcLzA3XC9XaGF0c0FwcC1JbWFnZS0yMDI0LTA2LTI1LWF0LTIzLjM1LjI0LmpwZWciLCJzbGlkZXNob3ciOiI0MGEyNGE1In0%3D\">\r\n\t\t\t\t\t<div class=\"e-gallery-image elementor-gallery-item__image\" data-thumbnail=\"https:\/\/www.tangierlatinfestival.com\/wp-content\/uploads\/2024\/07\/WhatsApp-Image-2024-06-25-at-23.35.24.jpeg\" data-width=\"1066\" data-height=\"1600\" aria-label=\"\" role=\"img\" ><\/div>\r\n\t\t\t\t\t\t\t\t\t\t\t<div class=\"elementor-gallery-item__overlay\"><\/div>\r\n\t\t\t\t\t\t\t\t\t\t\t\t\t\t<\/a>\r\n\t\t\t\t\t\t\t<a class=\"e-gallery-item elementor-gallery-item elementor-animated-content\" href=\"https:\/\/www.tangierlatinfestival.com\/wp-content\/uploads\/2024\/07\/WhatsApp-Image-2024-06-25-at-23.35.28.jpeg\" data-elementor-open-lightbox=\"yes\" data-elementor-lightbox-slideshow=\"40a24a5\" data-elementor-lightbox-title=\"WhatsApp Image 2024-06-25 at 23.35.28\" data-e-action-hash=\"#elementor-action%3Aaction%3Dlightbox%26settings%3DeyJpZCI6MjU1NiwidXJsIjoiaHR0cHM6XC9cL3d3dy50YW5naWVybGF0aW5mZXN0aXZhbC5jb21cL3dwLWNvbnRlbnRcL3VwbG9hZHNcLzIwMjRcLzA3XC9XaGF0c0FwcC1JbWFnZS0yMDI0LTA2LTI1LWF0LTIzLjM1LjI4LmpwZWciLCJzbGlkZXNob3ciOiI0MGEyNGE1In0%3D\">\r\n\t\t\t\t\t<div class=\"e-gallery-image elementor-gallery-item__image\" data-thumbnail=\"https:\/\/www.tangierlatinfestival.com\/wp-content\/uploads\/2024\/07\/WhatsApp-Image-2024-06-25-at-23.35.28.jpeg\" data-width=\"1600\" data-height=\"1066\" aria-label=\"\" role=\"img\" ><\/div>\r\n\t\t\t\t\t\t\t\t\t\t\t<div class=\"elementor-gallery-item__overlay\"><\/div>\r\n\t\t\t\t\t\t\t\t\t\t\t\t\t\t<\/a>\r\n\t\t\t\t\t\t\t<a class=\"e-gallery-item elementor-gallery-item elementor-animated-content\" href=\"https:\/\/www.tangierlatinfestival.com\/wp-content\/uploads\/2024\/07\/WhatsApp-Image-2024-06-25-at-23.35.29-1.jpeg\" data-elementor-open-lightbox=\"yes\" data-elementor-lightbox-slideshow=\"40a24a5\" data-elementor-lightbox-title=\"WhatsApp Image 2024-06-25 at 23.35.29 (1)\" data-e-action-hash=\"#elementor-action%3Aaction%3Dlightbox%26settings%3DeyJpZCI6MjU1OSwidXJsIjoiaHR0cHM6XC9cL3d3dy50YW5naWVybGF0aW5mZXN0aXZhbC5jb21cL3dwLWNvbnRlbnRcL3VwbG9hZHNcLzIwMjRcLzA3XC9XaGF0c0FwcC1JbWFnZS0yMDI0LTA2LTI1LWF0LTIzLjM1LjI5LTEuanBlZyIsInNsaWRlc2hvdyI6IjQwYTI0YTUifQ%3D%3D\">\r\n\t\t\t\t\t<div class=\"e-gallery-image elementor-gallery-item__image\" data-thumbnail=\"https:\/\/www.tangierlatinfestival.com\/wp-content\/uploads\/2024\/07\/WhatsApp-Image-2024-06-25-at-23.35.29-1.jpeg\" data-width=\"1600\" data-height=\"1066\" aria-label=\"\" role=\"img\" ><\/div>\r\n\t\t\t\t\t\t\t\t\t\t\t<div class=\"elementor-gallery-item__overlay\"><\/div>\r\n\t\t\t\t\t\t\t\t\t\t\t\t\t\t<\/a>\r\n\t\t\t\t\t\t\t<a class=\"e-gallery-item elementor-gallery-item elementor-animated-content\" href=\"https:\/\/www.tangierlatinfestival.com\/wp-content\/uploads\/2024\/07\/WhatsApp-Image-2024-06-25-at-23.35.29.jpeg\" data-elementor-open-lightbox=\"yes\" data-elementor-lightbox-slideshow=\"40a24a5\" data-elementor-lightbox-title=\"WhatsApp Image 2024-06-25 at 23.35.29\" data-e-action-hash=\"#elementor-action%3Aaction%3Dlightbox%26settings%3DeyJpZCI6MjU2MiwidXJsIjoiaHR0cHM6XC9cL3d3dy50YW5naWVybGF0aW5mZXN0aXZhbC5jb21cL3dwLWNvbnRlbnRcL3VwbG9hZHNcLzIwMjRcLzA3XC9XaGF0c0FwcC1JbWFnZS0yMDI0LTA2LTI1LWF0LTIzLjM1LjI5LmpwZWciLCJzbGlkZXNob3ciOiI0MGEyNGE1In0%3D\">\r\n\t\t\t\t\t<div class=\"e-gallery-image elementor-gallery-item__image\" data-thumbnail=\"https:\/\/www.tangierlatinfestival.com\/wp-content\/uploads\/2024\/07\/WhatsApp-Image-2024-06-25-at-23.35.29.jpeg\" data-width=\"1600\" data-height=\"990\" aria-label=\"\" role=\"img\" ><\/div>\r\n\t\t\t\t\t\t\t\t\t\t\t<div class=\"elementor-gallery-item__overlay\"><\/div>\r\n\t\t\t\t\t\t\t\t\t\t\t\t\t\t<\/a>\r\n\t\t\t\t\t\t\t<a class=\"e-gallery-item elementor-gallery-item elementor-animated-content\" href=\"https:\/\/www.tangierlatinfestival.com\/wp-content\/uploads\/2024\/07\/WhatsApp-Image-2024-06-25-at-23.35.30-1.jpeg\" data-elementor-open-lightbox=\"yes\" data-elementor-lightbox-slideshow=\"40a24a5\" data-elementor-lightbox-title=\"WhatsApp Image 2024-06-25 at 23.35.30 (1)\" data-e-action-hash=\"#elementor-action%3Aaction%3Dlightbox%26settings%3DeyJpZCI6MjU2NSwidXJsIjoiaHR0cHM6XC9cL3d3dy50YW5naWVybGF0aW5mZXN0aXZhbC5jb21cL3dwLWNvbnRlbnRcL3VwbG9hZHNcLzIwMjRcLzA3XC9XaGF0c0FwcC1JbWFnZS0yMDI0LTA2LTI1LWF0LTIzLjM1LjMwLTEuanBlZyIsInNsaWRlc2hvdyI6IjQwYTI0YTUifQ%3D%3D\">\r\n\t\t\t\t\t<div class=\"e-gallery-image elementor-gallery-item__image\" data-thumbnail=\"https:\/\/www.tangierlatinfestival.com\/wp-content\/uploads\/2024\/07\/WhatsApp-Image-2024-06-25-at-23.35.30-1.jpeg\" data-width=\"1600\" data-height=\"1066\" aria-label=\"\" role=\"img\" ><\/div>\r\n\t\t\t\t\t\t\t\t\t\t\t<div class=\"elementor-gallery-item__overlay\"><\/div>\r\n\t\t\t\t\t\t\t\t\t\t\t\t\t\t<\/a>\r\n\t\t\t\t\t\t\t<a class=\"e-gallery-item elementor-gallery-item elementor-animated-content\" href=\"https:\/\/www.tangierlatinfestival.com\/wp-content\/uploads\/2024\/07\/WhatsApp-Image-2024-06-25-at-23.35.30.jpeg\" data-elementor-open-lightbox=\"yes\" data-elementor-lightbox-slideshow=\"40a24a5\" data-elementor-lightbox-title=\"WhatsApp Image 2024-06-25 at 23.35.30\" data-e-action-hash=\"#elementor-action%3Aaction%3Dlightbox%26settings%3DeyJpZCI6MjU2OCwidXJsIjoiaHR0cHM6XC9cL3d3dy50YW5naWVybGF0aW5mZXN0aXZhbC5jb21cL3dwLWNvbnRlbnRcL3VwbG9hZHNcLzIwMjRcLzA3XC9XaGF0c0FwcC1JbWFnZS0yMDI0LTA2LTI1LWF0LTIzLjM1LjMwLmpwZWciLCJzbGlkZXNob3ciOiI0MGEyNGE1In0%3D\">\r\n\t\t\t\t\t<div class=\"e-gallery-image elementor-gallery-item__image\" data-thumbnail=\"https:\/\/www.tangierlatinfestival.com\/wp-content\/uploads\/2024\/07\/WhatsApp-Image-2024-06-25-at-23.35.30.jpeg\" data-width=\"1600\" data-height=\"1066\" aria-label=\"\" role=\"img\" ><\/div>\r\n\t\t\t\t\t\t\t\t\t\t\t<div class=\"elementor-gallery-item__overlay\"><\/div>\r\n\t\t\t\t\t\t\t\t\t\t\t\t\t\t<\/a>\r\n\t\t\t\t\t\t\t<a class=\"e-gallery-item elementor-gallery-item elementor-animated-content\" href=\"https:\/\/www.tangierlatinfestival.com\/wp-content\/uploads\/2024\/07\/WhatsApp-Image-2024-06-25-at-23.35.31.jpeg\" data-elementor-open-lightbox=\"yes\" data-elementor-lightbox-slideshow=\"40a24a5\" data-elementor-lightbox-title=\"WhatsApp Image 2024-06-25 at 23.35.31\" data-e-action-hash=\"#elementor-action%3Aaction%3Dlightbox%26settings%3DeyJpZCI6MjU3MSwidXJsIjoiaHR0cHM6XC9cL3d3dy50YW5naWVybGF0aW5mZXN0aXZhbC5jb21cL3dwLWNvbnRlbnRcL3VwbG9hZHNcLzIwMjRcLzA3XC9XaGF0c0FwcC1JbWFnZS0yMDI0LTA2LTI1LWF0LTIzLjM1LjMxLmpwZWciLCJzbGlkZXNob3ciOiI0MGEyNGE1In0%3D\">\r\n\t\t\t\t\t<div class=\"e-gallery-image elementor-gallery-item__image\" data-thumbnail=\"https:\/\/www.tangierlatinfestival.com\/wp-content\/uploads\/2024\/07\/WhatsApp-Image-2024-06-25-at-23.35.31.jpeg\" data-width=\"1280\" data-height=\"1600\" aria-label=\"\" role=\"img\" ><\/div>\r\n\t\t\t\t\t\t\t\t\t\t\t<div class=\"elementor-gallery-item__overlay\"><\/div>\r\n\t\t\t\t\t\t\t\t\t\t\t\t\t\t<\/a>\r\n\t\t\t\t\t<\/div>\r\n\t\t\t\t\t<\/div>\r\n\t\t\t\t<\/div>\r\n\t\t\t\t<\/div>\r\n\t\t\t\t\t<\/div>\r\n\t\t\t\t<\/div>\r\n\t\t\t\t<section class=\"elementor-section elementor-top-section elementor-element elementor-element-60a22a23 elementor-section-boxed elementor-section-height-default elementor-section-height-default\" data-id=\"60a22a23\" data-element_type=\"section\" data-settings=\"{&quot;background_background&quot;:&quot;classic&quot;}\">\r\n\t\t\t\t\t\t\t<div class=\"elementor-background-overlay\"><\/div>\r\n\t\t\t\t\t\t\t<div class=\"elementor-container elementor-column-gap-no\">\r\n\t\t\t\t\t<div class=\"elementor-column elementor-col-100 elementor-top-column elementor-element elementor-element-3961efb\" data-id=\"3961efb\" data-element_type=\"column\">\r\n\t\t\t<div class=\"elementor-widget-wrap elementor-element-populated\">\r\n\t\t\t\t\t\t<section class=\"elementor-section elementor-inner-section elementor-element elementor-element-6bd03718 elementor-section-content-top elementor-section-boxed elementor-section-height-default elementor-section-height-default\" data-id=\"6bd03718\" data-element_type=\"section\">\r\n\t\t\t\t\t\t<div class=\"elementor-container elementor-column-gap-default\">\r\n\t\t\t\t\t<div class=\"elementor-column elementor-col-100 elementor-inner-column elementor-element elementor-element-21c241ee\" data-id=\"21c241ee\" data-element_type=\"column\">\r\n\t\t\t<div class=\"elementor-widget-wrap elementor-element-populated\">\r\n\t\t\t\t\t\t<div class=\"elementor-element elementor-element-55da2541 elementor-widget elementor-widget-heading\" data-id=\"55da2541\" data-element_type=\"widget\" data-widget_type=\"heading.default\">\r\n\t\t\t\t<div class=\"elementor-widget-container\">\r\n\t\t\t\t\t<p class=\"elementor-heading-title elementor-size-default\">Date prisa!<\/p>\t\t\t\t<\/div>\r\n\t\t\t\t<\/div>\r\n\t\t\t\t<div class=\"elementor-element elementor-element-2c60be14 elementor-headline--style-rotate elementor-widget elementor-widget-animated-headline\" data-id=\"2c60be14\" data-element_type=\"widget\" data-settings=\"{&quot;headline_style&quot;:&quot;rotate&quot;,&quot;animation_type&quot;:&quot;blinds&quot;,&quot;rotating_text&quot;:&quot;Consigue un paquete \\nConseguir un billete&quot;,&quot;loop&quot;:&quot;yes&quot;,&quot;rotate_iteration_delay&quot;:2500}\" data-widget_type=\"animated-headline.default\">\r\n\t\t\t\t<div class=\"elementor-widget-container\">\r\n\t\t\t\t\t\t\t<h3 class=\"elementor-headline elementor-headline-animation-type-blinds elementor-headline-letters\">\r\n\t\t\t\t\t<span class=\"elementor-headline-plain-text elementor-headline-text-wrapper\">A\u00fan no has reservado tu plaza?<\/span>\r\n\t\t\t\t<span class=\"elementor-headline-dynamic-wrapper elementor-headline-text-wrapper\">\r\n\t\t\t\t\t<span class=\"elementor-headline-dynamic-text elementor-headline-text-active\">\r\n\t\t\t\tConsigue&nbsp;un&nbsp;paquete&nbsp;\t\t\t<\/span>\r\n\t\t\t\t\t<span class=\"elementor-headline-dynamic-text\">\r\n\t\t\t\tConseguir&nbsp;un&nbsp;billete\t\t\t<\/span>\r\n\t\t\t\t\t\t<\/span>\r\n\t\t\t\t<\/h3>\r\n\t\t\t\t\t\t<\/div>\r\n\t\t\t\t<\/div>\r\n\t\t\t\t<div class=\"elementor-element elementor-element-5c0aac83 elementor-widget elementor-widget-text-editor\" data-id=\"5c0aac83\" data-element_type=\"widget\" data-widget_type=\"text-editor.default\">\r\n\t\t\t\t<div class=\"elementor-widget-container\">\r\n\t\t\t\t\t\t\t\t\t<div class=\"elementor-element elementor-element-4b97119b elementor-widget elementor-widget-text-editor\" data-id=\"4b97119b\" data-element_type=\"widget\" data-widget_type=\"text-editor.default\"><div class=\"elementor-widget-container\"><div class=\"flex flex-grow flex-col max-w-full\"><div class=\"min-h-[20px] text-message flex flex-col items-start whitespace-pre-wrap break-words [.text-message+&amp;]:mt-5 overflow-x-auto gap-3\" dir=\"auto\" data-message-author-role=\"assistant\" data-message-id=\"4665be95-3694-4644-9618-0ad79d11ad3f\"><div class=\"markdown prose w-full break-words dark:prose-invert light\"><div class=\"flex flex-grow flex-col max-w-full\"><div class=\"min-h-[20px] text-message flex flex-col items-start whitespace-pre-wrap break-words [.text-message+&amp;]:mt-5 overflow-x-auto gap-3\" dir=\"auto\" data-message-author-role=\"assistant\" data-message-id=\"4665be95-3694-4644-9618-0ad79d11ad3f\"><div class=\"markdown prose w-full break-words dark:prose-invert light\"><p>Listo para participar en el evento?<br \/>Reserva ya tu pack y descubre nuestras ofertas exclusivas.<\/p><\/div><\/div><\/div><\/div><\/div><\/div><\/div><\/div>\t\t\t\t\t\t\t\t<\/div>\r\n\t\t\t\t<\/div>\r\n\t\t\t\t<div class=\"elementor-element elementor-element-3d7c87a7 elementor-align-center elementor-tablet-align-center elementor-widget elementor-widget-button\" data-id=\"3d7c87a7\" data-element_type=\"widget\" data-widget_type=\"button.default\">\r\n\t\t\t\t<div class=\"elementor-widget-container\">\r\n\t\t\t\t\t\t\t\t\t<div class=\"elementor-button-wrapper\">\r\n\t\t\t\t\t<a class=\"elementor-button elementor-button-link elementor-size-sm\" href=\"https:\/\/www.tangierlatinfestival.com\/es\/packs\">\r\n\t\t\t\t\t\t<span class=\"elementor-button-content-wrapper\">\r\n\t\t\t\t\t\t\t\t\t<span class=\"elementor-button-text\">Comprar un billete <\/span>\r\n\t\t\t\t\t<\/span>\r\n\t\t\t\t\t<\/a>\r\n\t\t\t\t<\/div>\r\n\t\t\t\t\t\t\t\t<\/div>\r\n\t\t\t\t<\/div>\r\n\t\t\t\t\t<\/div>\r\n\t\t<\/div>\r\n\t\t\t\t\t<\/div>\r\n\t\t<\/section>\r\n\t\t\t\t\t<\/div>\r\n\t\t<\/div>\r\n\t\t\t\t\t<\/div>\r\n\t\t<\/section>\r\n\t\t\t\t<\/div>\r\n\t\t","protected":false},"excerpt":{"rendered":"<p>ESPECT\u00c1CULOS DEL S\u00c1BADO Date prisa! A\u00fan no has reservado tu plaza? Consigue&nbsp;un&nbsp;paquete&nbsp; Conseguir&nbsp;un&nbsp;billete Listo para participar en el evento?Reserva ya tu pack y descubre nuestras ofertas exclusivas. Comprar un billete<\/p>\n","protected":false},"author":1,"featured_media":0,"parent":0,"menu_order":0,"comment_status":"closed","ping_status":"closed","template":"","meta":{"footnotes":""},"class_list":["post-4317","page","type-page","status-publish","hentry"],"_links":{"self":[{"href":"https:\/\/www.tangierlatinfestival.com\/es\/wp-json\/wp\/v2\/pages\/4317","targetHints":{"allow":["GET"]}}],"collection":[{"href":"https:\/\/www.tangierlatinfestival.com\/es\/wp-json\/wp\/v2\/pages"}],"about":[{"href":"https:\/\/www.tangierlatinfestival.com\/es\/wp-json\/wp\/v2\/types\/page"}],"author":[{"embeddable":true,"href":"https:\/\/www.tangierlatinfestival.com\/es\/wp-json\/wp\/v2\/users\/1"}],"replies":[{"embeddable":true,"href":"https:\/\/www.tangierlatinfestival.com\/es\/wp-json\/wp\/v2\/comments?post=4317"}],"version-history":[{"count":8,"href":"https:\/\/www.tangierlatinfestival.com\/es\/wp-json\/wp\/v2\/pages\/4317\/revisions"}],"predecessor-version":[{"id":5060,"href":"https:\/\/www.tangierlatinfestival.com\/es\/wp-json\/wp\/v2\/pages\/4317\/revisions\/5060"}],"wp:attachment":[{"href":"https:\/\/www.tangierlatinfestival.com\/es\/wp-json\/wp\/v2\/media?parent=4317"}],"curies":[{"name":"wp","href":"https:\/\/api.w.org\/{rel}","templated":true}]}}